{"id":62,"date":"2017-03-13T12:08:50","date_gmt":"2017-03-13T12:08:50","guid":{"rendered":"http:\/\/www.lafontanell.be\/wordpress\/?page_id=62"},"modified":"2025-03-19T22:48:04","modified_gmt":"2025-03-19T21:48:04","slug":"frontpage","status":"publish","type":"page","link":"http:\/\/www.lafontanell.be\/nl\/","title":{"rendered":"Welkom"},"content":{"rendered":"<p><!-- Zenchef Widget SDK --><br \/>\n<script>;(function (d, s, id) {const el = d.getElementsByTagName(s)[0]; if (d.getElementById(id) || el.parentNode == null) {return;} var js = d.createElement(s);  js.id = id; js.async = true; js.src = 'https:\/\/sdk.zenchef.com\/v1\/sdk.min.js';  el.parentNode.insertBefore(js, el); })(document, 'script', 'zenchef-sdk')<\/script><\/p>\n<div\n   class=\"zc-widget-config\"\n   data-restaurant=\"375232\"\n   data-open=\"2000\"><\/div>\n\n<hgroup class=\"pixcode  pixcode--heading article__headline\">\n\t<h2 class=\"headline__secondary\"><\/h2>\n\t<h1 class=\"headline__primary\">Ons verhaal<\/h1>\n<\/hgroup>\n<div class=\"pixcode  pixcode--separator  separator separator--line-flower\">\n<div class=\"line  line--left\"><\/div>\n<div class=\"line  line--right\"><\/div>\n<div class=\"star\">&#10043;<\/div>\n<div class=\"arrows\">\n<div class=\"arrow arrow--left\"><\/div>\n<div class=\"arrow arrow--right\"><\/div>\n<\/div>\n<\/div>\n\n<hr class=\"pixcode  pixcode--separator  separator separator--line separator_color--white\"\/>\n\n<p>La Fontanell is het perfecte adres voor een zakenlunch, t\u00eate \u00e0 t\u00eate, familiefeest of gewoon om gezellig te tafelen met vrienden.<\/p>\n<p>Dit charmante restaurant is de plaats van samenkomst bij uitstek in het hart van LAC Genval. Het huis is beroemd om zijn verse pasta, pizza, osso buco, antipasti, grill en vis &#8230; Een scala aan goed en smakelijk eten, om zowel bij ons als thuis van te genieten!<\/p>\n<p>In de lente en zomer kan u genieten van ons mooi terras aan het rustige meer! Goed gelegen, eenvoudig en eerlijk eten. Vriendelijk personeel zijn de leidraad door onze culinaire instelling.<\/p>\n<p>Aarzel niet om contact met ons op te nemen voor zakelijke evenementen of familiefeesten. Wij kunnen u formules voorstellen die u aan uw wensen kan aanpassen!<\/p>\n<hr class=\"pixcode  pixcode--separator  separator separator--line separator_color--white\"\/>\n\n<p><a name=\"menu\"><\/a><\/p>\n<hr class=\"pixcode  pixcode--separator  separator separator--line separator_color--white\"\/>\n\n<hr class=\"pixcode  pixcode--separator  separator separator--line separator_color--white\"\/>\n\n<hgroup class=\"pixcode  pixcode--heading article__headline\">\n\t<h2 class=\"headline__secondary\"><\/h2>\n\t<h1 class=\"headline__primary\">Het Menu<\/h1>\n<\/hgroup>\n<div class=\"pixcode  pixcode--separator  separator separator--line-flower\">\n<div class=\"line  line--left\"><\/div>\n<div class=\"line  line--right\"><\/div>\n<div class=\"star\">&#10043;<\/div>\n<div class=\"arrows\">\n<div class=\"arrow arrow--left\"><\/div>\n<div class=\"arrow arrow--right\"><\/div>\n<\/div>\n<\/div>\n\n\t\t\t\r\n\t\t\t<style>\r\n\t\t\t\t#wpsm_accordion_302 .wpsm_panel-heading{\r\npadding:0px !important;\r\n}\r\n#wpsm_accordion_302 .wpsm_panel-title {\r\nmargin:0px !important; \r\ntext-transform:none !important;\r\nline-height: 1 !important;\r\nbackground:transparent !important;\r\n}\r\n#wpsm_accordion_302 .wpsm_panel-title a{\r\ntext-decoration:none;\r\ncolor:#800000 !important;\r\nfont-size:17px !important;\r\ndisplay:block;\r\npadding:0px;\r\nfont-family: Open Sans !important;\r\npadding-top: 10px;\r\npadding-bottom: 10px;\r\nborder-bottom:1px solid  #800000 !important;\r\n\r\n}\r\n#wpsm_accordion_302 .wpsm_panel-title a:hover,#wpsm_accordion_302 .wpsm_panel-title a:visited, #wpsm_accordion_302 .wpsm_panel-title a:focus {\r\n\tcolor:#800000 !important;\r\n}\r\n#wpsm_accordion_302 .acc-a{\r\n\tcolor: #800000 !important;\r\n\tbackground-color:transparent !important;\r\n\tborder: 0px !important;\r\n}\r\n#wpsm_accordion_302 .wpsm_panel-default > .wpsm_panel-heading{\r\n\tcolor: #800000 !important;\r\n\tbackground-color: transparent;\r\n\tborder:0px  !important;\r\n\tborder-top-left-radius: 0px;\r\n\tborder-top-right-radius: 0px;\r\n}\r\n\r\n#wpsm_accordion_302 {\r\n\tmargin-bottom: 20px;\r\n\toverflow: hidden;\r\n\tfloat: left;\r\n\twidth: 100%;\r\n\tdisplay: block;\r\n}\r\n#wpsm_accordion_302 .ac_title_class{\r\n\tdisplay: inline-block;\r\n    padding-top: 5px;\r\n    padding-bottom: 5px;\r\n    padding-left: 13px;\r\n    padding-right: 10px;\r\n    border: 0px solid #ddd;\r\n\tfont-size:17px !important;\r\nfont-family: 'Open Sans' !important;\r\n\tline-height:1.4 !important\r\n\r\n}\r\n#wpsm_accordion_302  .wpsm_panel {\r\n\toverflow:hidden;\r\n\t-webkit-box-shadow: 0 0px 0px rgba(0, 0, 0, .05);\r\n\tbox-shadow: 0 0px 0px rgba(0, 0, 0, .05);\r\n\t\r\n\tborder:0px !important;\r\n\tborder-radius: 0px;\r\n\tbackground:transparent !important;\r\n\t\r\n}\r\n\r\n#wpsm_accordion_302  .wpsm_panel-body{\r\n\r\ncolor:#7a7a7a !important;\r\n\r\nfont-size:13px !important;\r\nfont-family: 'Open Sans' !important;\r\noverflow: hidden;\r\n\r\nborder: 0px solid #ddd !important;\r\n\r\nborder-top:0px !important;\r\nline-height:1.4 !important;\r\n}\r\n\r\n#wpsm_accordion_302 .ac_open_cl_icon{\r\n\t\r\n\tcolor: #800000;\r\n\tfloat:left !important;\r\n     padding-top: 5px; \r\n     padding-bottom: 5px; \r\n\t padding-left:10px;\r\n\t padding-right:10px;\r\n    line-height: 1.0;\r\n    font-size:17px !important;\r\ntext-align: center !important;\r\n     width: 32px !important;\r\n    display: inline-block;\r\n\t-webkit-transition: all ease 0.8s;\r\n    -moz-transition: all ease 0.8s;\r\n    transition: all ease 0.8s;\r\n\t\r\n\t\r\n}\r\n#wpsm_accordion_302 .ac_open_cl_number{\r\n width: 25px !important;\r\n    display: inline-block;\r\n\t margin-left:10px;\r\n\t text-align: center !important;\r\n\t font-size:17px !important;\r\n\r\n}\r\n\t\r\n\t\t\t<\/style>\r\n\t\t\t<div class=\"wpsm_panel-group\" id=\"wpsm_accordion_302\" >\r\n\t\t\t\t\t\t\t\t\r\n\t\t\t\t\t<!-- Inner panel Start -->\r\n\t\t\t\t\t<div class=\"wpsm_panel wpsm_panel-default\">\r\n\t\t\t\t\t\t<div class=\"wpsm_panel-heading\" role=\"tab\" >\r\n\t\t\t\t\t\t  <h4 class=\"wpsm_panel-title\">\r\n\t\t\t\t\t\t\t<a  class=\"\"  data-toggle=\"collapse\" data-parent=\"#wpsm_accordion_302 \" href=\"#ac_302_collapse1\"  >\r\n\t\t\t\t\t\t\t\t\t\t\t\t\t\t\t\t\t<span class=\"ac_open_cl_icon fa fa-angle-down\"><\/span>\r\n\t\t\t\t\t\t\t\t\t\r\n\t\t\t\t\t\t\t\t \r\n\t\t\t\t\t\t\t\t<span class=\"ac_title_class\">\r\n\t\t\t\t\t\t\t\t\tSUGGESTIONI - SUGGESTIE\t\t\t\t\t\t\t\t<\/span>\r\n\t\t\t\t\t\t\t<\/a>\r\n\t\t\t\t\t\t  <\/h4>\r\n\t\t\t\t\t\t<\/div>\r\n\t\t\t\t\t\t<div id=\"ac_302_collapse1\" class=\"wpsm_panel-collapse collapse collapse_302 in\"  >\r\n\t\t\t\t\t\t  <div class=\"wpsm_panel-body\">\r\n\t\t\t\t\t\t\t\r\n\t\t\t\t\t\t\t\t\t\t\t\t\t  <\/div>\r\n\t\t\t\t\t\t<\/div>\r\n\t\t\t\t\t<\/div>\r\n\t\t\t\t\t<!-- Inner panel End -->\r\n\t\t\t\t\t\r\n\t\t\t\t\t\t\t\t\r\n\t\t\t\t\t<!-- Inner panel Start -->\r\n\t\t\t\t\t<div class=\"wpsm_panel wpsm_panel-default\">\r\n\t\t\t\t\t\t<div class=\"wpsm_panel-heading\" role=\"tab\" >\r\n\t\t\t\t\t\t  <h4 class=\"wpsm_panel-title\">\r\n\t\t\t\t\t\t\t<a  class=\"collapsed\"  data-toggle=\"collapse\" data-parent=\"#wpsm_accordion_302 \" href=\"#ac_302_collapse2\"  >\r\n\t\t\t\t\t\t\t\t\t\t\t\t\t\t\t\t\t<span class=\"ac_open_cl_icon fa fa-angle-down\"><\/span>\r\n\t\t\t\t\t\t\t\t\t\r\n\t\t\t\t\t\t\t\t \r\n\t\t\t\t\t\t\t\t<span class=\"ac_title_class\">\r\n\t\t\t\t\t\t\t\t\tMENU\t\t\t\t\t\t\t\t<\/span>\r\n\t\t\t\t\t\t\t<\/a>\r\n\t\t\t\t\t\t  <\/h4>\r\n\t\t\t\t\t\t<\/div>\r\n\t\t\t\t\t\t<div id=\"ac_302_collapse2\" class=\"wpsm_panel-collapse collapse collapse_302 in\"  >\r\n\t\t\t\t\t\t  <div class=\"wpsm_panel-body\">\r\n\t\t\t\t\t\t\t\r\n\t\t\t\t\t\t\t<a href=\"http:\/\/www.lafontanell.be\/wp-content\/uploads\/2022\/04\/dessert-et-cafe.pdf\">Clic hier<\/a><a href=\"http:\/\/www.lafontanell.be\/wp-content\/uploads\/2023\/07\/carte-a3-fonta-2023.pdf\">carte Fonta<\/a>\t\t\t\t\t\t  <\/div>\r\n\t\t\t\t\t\t<\/div>\r\n\t\t\t\t\t<\/div>\r\n\t\t\t\t\t<!-- Inner panel End -->\r\n\t\t\t\t\t\r\n\t\t\t\t\t\t\t<\/div>\r\n\t\t\t\t\r\n\t<script>\r\n\tjQuery(document).ready(function() {\r\n\t\t\r\n\t\t\tjQuery('.collapse_302').on('shown.bs.collapse', function(){jQuery(this).parent().find(\".fa-angle-right\").removeClass(\"fa-angle-down\").addClass(\"fa-angle-down\"); jQuery(this).parent().find(\".wpsm_panel-heading\").addClass(\"acc-a\"); }).on('hidden.bs.collapse', function(){jQuery(this).parent().find(\".fa-angle-down\").removeClass(\"fa-angle-down\").addClass(\"fa-angle-right\"); jQuery(this).parent().find(\".wpsm_panel-heading\").removeClass(\"acc-a\");});\r\n\t\t\r\n\t\t});\r\n\t<\/script>\n<hr class=\"pixcode  pixcode--separator  separator separator--line separator_color--white\"\/>\n\n<div class=\"menu-list menu-list__dotted\">\n<h2 class=\"menu-list__title\">PROMOTIE<\/h2>\n<hr class=\"separator\"\/>\n<ul class=\"menu-list__items\">\n<li class=\"menu-list__item\">\n<div class=\"menu-list__item-highlight-wrapper\">\n<span class=\"menu-list__item-highlight-title\">-10% op alle<\/span>\n<h4 class=\"menu-list__item-title\">menu's en pizza's om mee te nemen!<\/h4>\n<\/div>\n<\/li>\n<\/ul>\n<\/div>\n\n<hr class=\"pixcode  pixcode--separator  separator separator--line separator_color--white\"\/>\n\n<p><a name=\"galerie\"><\/a><\/p>\n<hr class=\"pixcode  pixcode--separator  separator separator--line separator_color--white\"\/>\n\n<hr class=\"pixcode  pixcode--separator  separator separator--line separator_color--white\"\/>\n\n<hgroup class=\"pixcode  pixcode--heading article__headline\">\n\t<h2 class=\"headline__secondary\"><\/h2>\n\t<h1 class=\"headline__primary\">Galerij<\/h1>\n<\/hgroup>\n<div class=\"pixcode  pixcode--separator  separator separator--line-flower\">\n<div class=\"line  line--left\"><\/div>\n<div class=\"line  line--right\"><\/div>\n<div class=\"star\">&#10043;<\/div>\n<div class=\"arrows\">\n<div class=\"arrow arrow--left\"><\/div>\n<div class=\"arrow arrow--right\"><\/div>\n<\/div>\n<\/div>\n\nngg_shortcode_0_placeholder\n<hr class=\"pixcode  pixcode--separator  separator separator--line separator_color--white\"\/>\n\n<p><a name=\"contact\"><\/a><\/p>\n<hr class=\"pixcode  pixcode--separator  separator separator--line separator_color--white\"\/>\n\n<hr class=\"pixcode  pixcode--separator  separator separator--line separator_color--white\"\/>\n\n<hgroup class=\"pixcode  pixcode--heading article__headline\">\n\t<h2 class=\"headline__secondary\"><\/h2>\n\t<h1 class=\"headline__primary\">Contact<\/h1>\n<\/hgroup>\n<div class=\"pixcode  pixcode--separator  separator separator--line-flower\">\n<div class=\"line  line--left\"><\/div>\n<div class=\"line  line--right\"><\/div>\n<div class=\"star\">&#10043;<\/div>\n<div class=\"arrows\">\n<div class=\"arrow arrow--left\"><\/div>\n<div class=\"arrow arrow--right\"><\/div>\n<\/div>\n<\/div>\n\n\t<div class=\"pixcode  pixcode--grid  grid\" >\n\t\t\t<div class=\"grid__item six-twelfths palm-one-whole\" >\n\t\t\n<p><strong>La Fontanell<\/strong><br \/>\nZilverbeekdreef 2<br \/>\n3090 Overijse<\/p>\n<p>Telefoon: 02\/652.03.81<\/p>\n<p><span style=\"color: #800000;\">Reservatie: <\/span><\/p>\n<p><iframe loading=\"lazy\" style=\"border: 0;\" src=\"https:\/\/www.google.com\/maps\/embed?pb=!1m18!1m12!1m3!1d2525.516181068162!2d4.523474716595195!3d50.728914479514636!2m3!1f0!2f0!3f0!3m2!1i1024!2i768!4f13.1!3m3!1m2!1s0x47c3d71049ce5b3d%3A0x8c4afd6245e1dcd9!2sZilverbeekdreef+2%2C+3090+Overijse!5e0!3m2!1sen!2sbe!4v1489447792010\" allowfullscreen=\"allowfullscreen\" width=\"600\" height=\"450\" frameborder=\"0\"><\/iframe><\/p>\n\t<\/div>\n\t<div class=\"grid__item six-twelfths palm-one-whole\" >\n\t\t\n<p><span style=\"color: #800000;\">Reserveren <\/span><\/p>\n<p><iframe src=' https:\/\/bookings.zenchef.com\/results?rid=375232&#038;pid=1001&#038;fullscreen=1' frameborder='0' scrolling='yes' width='100%' height='630' style='display: block; margin: 0 auto; max-width: 600px; height:630px;'><\/iframe><\/p>\n\t<\/div>\n\t<\/div>\n\n","protected":false},"excerpt":{"rendered":"<p>La Fontanell is het perfecte adres voor een zakenlunch, t\u00eate \u00e0 t\u00eate, familiefeest of gewoon om gezellig te tafelen met vrienden. Dit charmante restaurant is de plaats van samenkomst bij uitstek in het hart van LAC Genval. Het huis is beroemd om zijn verse pasta, pizza, osso buco, antipasti, grill en vis &#8230; Een scala..<\/p>\n","protected":false},"author":1,"featured_media":0,"parent":0,"menu_order":0,"comment_status":"closed","ping_status":"closed","template":"page-templates\/slideshow.php","meta":{"ngg_post_thumbnail":0,"footnotes":""},"class_list":["post-62","page","type-page","status-publish","hentry"],"translation":{"provider":"WPGlobus","version":"3.0.2","language":"nl","enabled_languages":["fr","nl"],"languages":{"fr":{"title":true,"content":true,"excerpt":false},"nl":{"title":true,"content":true,"excerpt":false}}},"_links":{"self":[{"href":"http:\/\/www.lafontanell.be\/nl\/wp-json\/wp\/v2\/pages\/62","targetHints":{"allow":["GET"]}}],"collection":[{"href":"http:\/\/www.lafontanell.be\/nl\/wp-json\/wp\/v2\/pages"}],"about":[{"href":"http:\/\/www.lafontanell.be\/nl\/wp-json\/wp\/v2\/types\/page"}],"author":[{"embeddable":true,"href":"http:\/\/www.lafontanell.be\/nl\/wp-json\/wp\/v2\/users\/1"}],"replies":[{"embeddable":true,"href":"http:\/\/www.lafontanell.be\/nl\/wp-json\/wp\/v2\/comments?post=62"}],"version-history":[{"count":165,"href":"http:\/\/www.lafontanell.be\/nl\/wp-json\/wp\/v2\/pages\/62\/revisions"}],"predecessor-version":[{"id":665,"href":"http:\/\/www.lafontanell.be\/nl\/wp-json\/wp\/v2\/pages\/62\/revisions\/665"}],"wp:attachment":[{"href":"http:\/\/www.lafontanell.be\/nl\/wp-json\/wp\/v2\/media?parent=62"}],"curies":[{"name":"wp","href":"https:\/\/api.w.org\/{rel}","templated":true}]}}